{"id":13,"date":"2021-03-15T13:42:02","date_gmt":"2021-03-15T12:42:02","guid":{"rendered":"http:\/\/tpms.schrader-pacific.fr\/?page_id=13"},"modified":"2023-08-31T09:09:14","modified_gmt":"2023-08-31T07:09:14","slug":"telecharger","status":"publish","type":"page","link":"https:\/\/tpms.schrader-pacific.fr\/index.php\/telecharger\/","title":{"rendered":"T\u00e9l\u00e9chargement"},"content":{"rendered":"\t\t<div data-elementor-type=\"wp-page\" data-elementor-id=\"13\" class=\"elementor elementor-13\">\n\t\t\t\t\t\t<section class=\"elementor-section elementor-top-section elementor-element elementor-element-3512901c elementor-section-boxed elementor-section-height-default elementor-section-height-default\" data-id=\"3512901c\" data-element_type=\"section\">\n\t\t\t\t\t\t<div class=\"elementor-container elementor-column-gap-default\">\n\t\t\t\t\t<div class=\"elementor-column elementor-col-100 elementor-top-column elementor-element elementor-element-75be72e4\" data-id=\"75be72e4\" data-element_type=\"column\">\n\t\t\t<div class=\"elementor-widget-wrap elementor-element-populated\">\n\t\t\t\t\t\t<div class=\"elementor-element elementor-element-dacd172 elementor-widget elementor-widget-text-editor\" data-id=\"dacd172\" data-element_type=\"widget\" data-widget_type=\"text-editor.default\">\n\t\t\t\t<div class=\"elementor-widget-container\">\n\t\t\t\t\t\t\t\t\t<p><\/p>\n<h2 class=\"wp-block-heading\">Capteurs pour v\u00e9hicules l\u00e9gers<\/h2>\n<p>Retrouvez ici les documents \u00e0 t\u00e9l\u00e9charger pour tout savoir sur nos capteurs VL, PL et moto.<\/p>\n<p><\/p>\n<p><\/p>\n<h3 class=\"wp-block-heading\">EZ-sensor-GO un capteur qui couvre 99% du march\u00e9<\/h3>\n<p>Le gros avantage de l&rsquo;EZ-sensor est qu&rsquo;il est programmable pour 99% des marques et mod\u00e8le du march\u00e9 automobile. Vous pourrez donc couvrir la quasi totalit\u00e9 de votre parc avec un outil et ces capteurs.<\/p>\n<div id=\"attachment_365\" style=\"width: 226px\" class=\"wp-caption aligncenter\"><a href=\"http:\/\/tpms.schrader-pacific.fr\/wp-content\/uploads\/2022\/06\/EZ-Go_FR_2022.pdf\" target=\"_blank\" rel=\"noopener\"><img fetchpriority=\"high\" decoding=\"async\" aria-describedby=\"caption-attachment-365\" title=\"brochure du capteur Ez-sensor GO \" src=\"http:\/\/tpms.schrader-pacific.fr\/wp-content\/uploads\/2022\/06\/EZ-sensor-GO-1-216x300.png\" alt=\"image de la brochure du capteur Ez-sensor GO \" width=\"216\" height=\"300\" \/><\/a><p id=\"caption-attachment-365\" class=\"wp-caption-text\">brochure du capteur Ez-sensor GO<\/p><\/div>\n<h3>Couverture de l&rsquo;EZ-sensor-GO<\/h3>\n<div style=\"grid-template-columns: 19% auto;\">\n<div>\n<p><\/p>\n<p><\/p>\n<figure class=\"wp-block-gallery-2 is-layout-flex wp-block-gallery-is-layout-flex\">\n<p>\u00a0<\/p>\n<figure>\n<div>\u00a0<\/div>\n<\/figure>\n<\/figure>\n<\/div>\n<\/div>\n<div style=\"width: 310px\" class=\"wp-caption aligncenter\"><a href=\"http:\/\/tpms.schrader-pacific.fr\/wp-content\/uploads\/2022\/06\/EZSensorCoverageEurope_en.pdf\" target=\"_blank\" rel=\"noopener\"><img decoding=\"async\" data-id=\"368\" title=\"Brochure de couverture de l'Ez Sensor GO\" src=\"http:\/\/tpms.schrader-pacific.fr\/wp-content\/uploads\/2022\/06\/Couverture-EZ-sensor-GO-300x211.png\" alt=\"Image de la brochure de couverture de l'Ez Sensor GO\" width=\"300\" height=\"211\" \/><\/a><p class=\"wp-caption-text\">Brochure de couverture de l&rsquo;Ez Sensor GO<\/p><\/div>\n<h3>EZ-sensor-GO Pr\u00e9programm\u00e9<\/h3>\n<p>Les TPMS EZ-Sensors-GO Pr\u00e9programm\u00e9s sont des capteurs ou aucune programmation n&rsquo;est requise. Il vous suffit de l&rsquo;installer sur le v\u00e9hicule et de lancer la proc\u00e9dure de r\u00e9apprentissage.\u00a0<\/p>\n<div id=\"attachment_371\" style=\"width: 256px\" class=\"wp-caption aligncenter\"><a href=\"http:\/\/tpms.schrader-pacific.fr\/wp-content\/uploads\/2022\/06\/EzGOPreprogrammedVehicles-01_22.pdf\" target=\"_blank\" rel=\"noopener\"><img decoding=\"async\" aria-describedby=\"caption-attachment-371\" title=\"Couverture de l'EZ-Sensor GO Pr\u00e9programm\u00e9\" src=\"http:\/\/tpms.schrader-pacific.fr\/wp-content\/uploads\/2022\/06\/Couverture-EZ-sensor-GO-pre-programme-246x300.png\" alt=\"Image de la Couverture de l'EZ-Sensor GO Pr\u00e9programm\u00e9\" width=\"246\" height=\"300\" \/><\/a><p id=\"caption-attachment-371\" class=\"wp-caption-text\">Couverture de l&rsquo;EZ-Sensor GO Pr\u00e9programm\u00e9<\/p><\/div>\n<p><\/p>\n<p><\/p>\n<h3 class=\"wp-block-heading\">Instructions montage\/d\u00e9montage du capteur aluminium Clamp-in T2200-GO1<\/h3>\n<div id=\"attachment_380\" style=\"width: 310px\" class=\"wp-caption aligncenter\"><a href=\"http:\/\/tpms.schrader-pacific.fr\/wp-content\/uploads\/2022\/06\/EZ-sensor-GO-T2200-GO1-instructions.pdf\" target=\"_blank\" rel=\"noopener\"><img loading=\"lazy\" decoding=\"async\" aria-describedby=\"caption-attachment-380\" title=\"Notice d'instruction pour les capteur T2200 \" src=\"http:\/\/tpms.schrader-pacific.fr\/wp-content\/uploads\/2022\/06\/Mounting-instruction-2200-300x150.png\" alt=\"image de la Notice d'instruction pour les capteur T2200 \" width=\"300\" height=\"150\" \/><\/a><p id=\"caption-attachment-380\" class=\"wp-caption-text\">Notice d&rsquo;instruction pour les capteur T2200<\/p><\/div>\n<div style=\"grid-template-columns: 19% auto;\">\n<div>\u00a0<\/div>\n<\/div>\n<p><\/p>\n<p><\/p>\n<h3 class=\"wp-block-heading\">Instructions montage\/d\u00e9montage du capteur caoutchouc Snap-in T1210-GO1<\/h3>\n<div id=\"attachment_384\" style=\"width: 310px\" class=\"wp-caption aligncenter\"><a href=\"http:\/\/tpms.schrader-pacific.fr\/wp-content\/uploads\/2022\/06\/EZ-sensor-GO-T1210-GO1-instructions.pdf\" target=\"_blank\" rel=\"noopener\"><img loading=\"lazy\" decoding=\"async\" aria-describedby=\"caption-attachment-384\" title=\"Notice d'instruction pour capteur T1210\" src=\"http:\/\/tpms.schrader-pacific.fr\/wp-content\/uploads\/2022\/06\/Mounting-instruction-1210-300x150.png\" alt=\"Image de la notice d'instruction pour capteur T1210\" width=\"300\" height=\"150\" \/><\/a><p id=\"caption-attachment-384\" class=\"wp-caption-text\">Notice d&rsquo;instruction pour capteur T1210<\/p><\/div>\n<p><\/p>\n<p><\/p>\n<h2 class=\"wp-block-heading\">Capteur pour Poids-Lourd<\/h2>\n<p><\/p>\n<p><\/p>\n<h3 class=\"wp-block-heading\">Une gamme compl\u00e8te de capteurs Poids Lourds<\/h3>\n<div id=\"attachment_388\" style=\"width: 222px\" class=\"wp-caption aligncenter\"><a href=\"http:\/\/tpms.schrader-pacific.fr\/wp-content\/uploads\/2022\/06\/PU-268-TPMS_TRUCK_OE_COVERAGE_LIST_V2.pdf\" target=\"_blank\" rel=\"noopener\"><img loading=\"lazy\" decoding=\"async\" aria-describedby=\"caption-attachment-388\" title=\"Couverture des capteurs TPMS poids lourds\" src=\"http:\/\/tpms.schrader-pacific.fr\/wp-content\/uploads\/2022\/06\/Poids-Lourds-212x300.png\" alt=\"Image de couverture des capteurs TPMS poids lourds\" width=\"212\" height=\"300\" \/><\/a><p id=\"caption-attachment-388\" class=\"wp-caption-text\">Couverture des capteurs TPMS poids lourds<\/p><\/div>\n<div style=\"grid-template-columns: 19% auto;\">\n<div>\n<figure>\n<figure><\/figure>\n<\/figure>\n<p><\/p>\n<\/div>\n<\/div>\n<p><\/p>\n<p><\/p>\n<h3 class=\"wp-block-heading\">Instructions montage\/d\u00e9montage des capteurs Poids-Lourd<\/h3>\n<div id=\"attachment_393\" style=\"width: 310px\" class=\"wp-caption aligncenter\"><a href=\"http:\/\/tpms.schrader-pacific.fr\/wp-content\/uploads\/2022\/06\/Truck-Mounting-Instructions_EUv3_1-1.pdf\" target=\"_blank\" rel=\"noopener\"><img loading=\"lazy\" decoding=\"async\" aria-describedby=\"caption-attachment-393\" title=\"Instruction montage d\u00e9montage des capteurs Poids Lourds\" src=\"http:\/\/tpms.schrader-pacific.fr\/wp-content\/uploads\/2022\/06\/Mounting-instruction-Poids-Lourds-300x148.png\" alt=\"Image de l'instruction montage d\u00e9montage des capteurs Poids Lourds\" width=\"300\" height=\"148\" \/><\/a><p id=\"caption-attachment-393\" class=\"wp-caption-text\">Instruction montage d\u00e9montage des capteurs Poids Lourds<\/p><\/div>\n<div style=\"grid-template-columns: 19% auto;\">\n<div>\u00a0<\/div>\n<\/div>\n<h2>Capteurs pour Moto<\/h2>\n<p><\/p>\n<p><\/p>\n<h3 class=\"wp-block-heading\">Pr\u00e9sentation gamme capteurs Moto<\/h3>\n<div id=\"attachment_403\" style=\"width: 222px\" class=\"wp-caption aligncenter\"><a href=\"http:\/\/tpms.schrader-pacific.fr\/wp-content\/uploads\/2022\/06\/PU_290_Motorcycle_Sell_Sheet_ENG.pdf\" target=\"_blank\" rel=\"noopener\"><img loading=\"lazy\" decoding=\"async\" aria-describedby=\"caption-attachment-403\" title=\"Brochure pour les TPMS moto\" src=\"http:\/\/tpms.schrader-pacific.fr\/wp-content\/uploads\/2022\/06\/Capteurs-Moto-212x300.png\" alt=\"Image de la Brochure pour les TPMS moto\" width=\"212\" height=\"300\" \/><\/a><p id=\"caption-attachment-403\" class=\"wp-caption-text\">Brochure pour les TPMS moto<\/p><\/div>\n<div>\n<p><\/p>\n<p><\/p>\n<h3 class=\"wp-block-heading\">Instructions montage\/d\u00e9montage des capteurs Moto<\/h3>\n<div id=\"attachment_411\" style=\"width: 310px\" class=\"wp-caption aligncenter\"><a href=\"http:\/\/tpms.schrader-pacific.fr\/wp-content\/uploads\/2022\/06\/Motorbike-Mounting-Instructions_Europe.pdf\" target=\"_blank\" rel=\"noopener\"><img loading=\"lazy\" decoding=\"async\" aria-describedby=\"caption-attachment-411\" title=\"notice de montage \/ d\u00e9montage des capteurs moto\" src=\"http:\/\/tpms.schrader-pacific.fr\/wp-content\/uploads\/2022\/06\/Mounting-instruction-Moto-300x149.png\" alt=\"image de la notice de montage \/ d\u00e9montage des capteurs moto\" width=\"300\" height=\"149\" \/><\/a><p id=\"caption-attachment-411\" class=\"wp-caption-text\">notice de montage \/ d\u00e9montage des capteurs moto<\/p><\/div>\n<div>\n<h2 style=\"font-style: normal; font-variant-ligatures: normal; font-variant-caps: normal; letter-spacing: normal;\">Outils de programmation TPMS<\/h2>\n<p style=\"font-style: normal; font-variant-ligatures: normal; font-variant-caps: normal; font-weight: 400; font-size: 15px; font-family: Roboto, sans-serif;\">\u00a0<\/p>\n<p style=\"font-style: normal; font-variant-ligatures: normal; font-variant-caps: normal; font-weight: 400; font-size: 15px; font-family: Roboto, sans-serif;\">\u00a0<\/p>\n<h3 style=\"font-style: normal; font-variant-ligatures: normal; font-variant-caps: normal; letter-spacing: normal;\">Pr\u00e9sentation outil de programmation VT57<\/h3>\n<div>\u00a0<\/div>\n<div style=\"grid-template-columns: 19% auto;\">\n<figure>\n<div style=\"width: 241px\" class=\"wp-caption aligncenter\"><a href=\"http:\/\/tpms.schrader-pacific.fr\/wp-content\/uploads\/2022\/06\/VT57-Factsheet-2021-EU-FR.pdf\" target=\"_blank\" rel=\"noopener\"><img loading=\"lazy\" decoding=\"async\" title=\"Brochure commerciale de l'outil de programmation VT57 \" src=\"http:\/\/tpms.schrader-pacific.fr\/wp-content\/uploads\/2022\/06\/VT57-231x300.png\" alt=\"image de la Brochure commerciale de l'outil de programmation VT57 \" width=\"231\" height=\"300\" \/><\/a><p class=\"wp-caption-text\">Brochure commerciale de l&rsquo;outil de programmation VT57<\/p><\/div>\n<\/figure>\n<figure><\/figure>\n<figure><\/figure>\n<figure><\/figure>\n<figure>\n<h3 style=\"font-style: normal; font-variant-ligatures: normal; font-variant-caps: normal; letter-spacing: normal;\">Compatibilit\u00e9 de l&rsquo;EZ-Sensor avec les principaux outils TPMS<\/h3>\n<\/figure>\n<figure><\/figure>\n<figure>\n<p><a style=\"letter-spacing: 0px; background-color: #fcfcfc;\" href=\"http:\/\/tpms.schrader-pacific.fr\/wp-content\/uploads\/2022\/10\/capture_manuel.png\"><img loading=\"lazy\" decoding=\"async\" class=\"aligncenter\" title=\"Brochure commerciale de l'outil de programmation VT57 \" src=\"http:\/\/tpms.schrader-pacific.fr\/wp-content\/uploads\/2022\/10\/capture_manuel-213x300.png\" alt=\"\" width=\"213\" height=\"300\" \/><\/a><\/p>\n<\/figure>\n<figure>\n<h3>Pr\u00e9sentation de l&rsquo;outil de diagnostique VT Truck<\/h3>\n<p>L&rsquo;outil de diagnostique VT Truck vous facilite la lecture de la pression sur vos parcs poids lourds. Il permet de lire et v\u00e9rifier les capteurs tr\u00e8s rapidement.<\/p>\n<p>\u00a0<\/p>\n<p><span style=\"background-color: #fcfcfc;\">\u00a0<\/span><span style=\"text-align: center; background-color: #fcfcfc; letter-spacing: 0px;\">\u00a0<\/span><span style=\"text-align: center; background-color: #fcfcfc; letter-spacing: 0px;\">\u00a0<\/span><\/p>\n<div style=\"text-align: center;\">\u00a0<\/div>\n<p><a href=\"http:\/\/tpms.schrader-pacific.fr\/wp-content\/uploads\/2022\/06\/VT-Truck.png\"><img loading=\"lazy\" decoding=\"async\" class=\"aligncenter\" title=\"Brochure commerciale de l'outil de diagnostic VT Truck\" src=\"http:\/\/tpms.schrader-pacific.fr\/wp-content\/uploads\/2022\/06\/VT-Truck-215x300.png\" alt=\"Image de la Brochure commerciale de l'outil de diagnostic VT Truck\" width=\"215\" height=\"300\" \/><\/a><\/p>\nBrochure commerciale de l&rsquo;outil de diagnostic VT Truck<\/figure>\n<\/div>\n<p><\/p>\n<\/div>\n<\/div>\t\t\t\t\t\t\t\t<\/div>\n\t\t\t\t<\/div>\n\t\t\t\t\t<\/div>\n\t\t<\/div>\n\t\t\t\t\t<\/div>\n\t\t<\/section>\n\t\t\t\t<\/div>\n\t\t","protected":false},"excerpt":{"rendered":"<p>Capteurs pour v\u00e9hicules l\u00e9gers Retrouvez ici les documents \u00e0 t\u00e9l\u00e9charger pour tout savoir sur nos capteurs VL, PL et moto. EZ-sensor-GO un capteur qui couvre 99%<span class=\"excerpt-hellip\"> [\u2026]<\/span><\/p>\n","protected":false},"author":2,"featured_media":225,"parent":0,"menu_order":0,"comment_status":"closed","ping_status":"closed","template":"","meta":{"footnotes":""},"class_list":["post-13","page","type-page","status-publish","has-post-thumbnail","hentry"],"yoast_head":"<!-- This site is optimized with the Yoast SEO plugin v25.3.1 - https:\/\/yoast.com\/wordpress\/plugins\/seo\/ -->\n<title>T\u00e9l\u00e9chargement - Shrader SAS<\/title>\n<meta name=\"description\" content=\"Tous les documents \u00e0 t\u00e9l\u00e9charger pour tout savoir sur nos capteurs TPMS VL, poids lourds ou moto. Les couvertures, les notices, etc.\" \/>\n<meta name=\"robots\" content=\"index, follow, max-snippet:-1, max-image-preview:large, max-video-preview:-1\" \/>\n<link rel=\"canonical\" href=\"https:\/\/tpms.schrader-pacific.fr\/index.php\/telecharger\/\" \/>\n<meta property=\"og:locale\" content=\"fr_FR\" \/>\n<meta property=\"og:type\" content=\"article\" \/>\n<meta property=\"og:title\" content=\"T\u00e9l\u00e9chargement - Shrader SAS\" \/>\n<meta property=\"og:description\" content=\"Tous les documents \u00e0 t\u00e9l\u00e9charger pour tout savoir sur nos capteurs TPMS VL, poids lourds ou moto. Les couvertures, les notices, etc.\" \/>\n<meta property=\"og:url\" content=\"https:\/\/tpms.schrader-pacific.fr\/index.php\/telecharger\/\" \/>\n<meta property=\"og:site_name\" content=\"Shrader SAS\" \/>\n<meta property=\"article:modified_time\" content=\"2023-08-31T07:09:14+00:00\" \/>\n<meta name=\"twitter:card\" content=\"summary_large_image\" \/>\n<meta name=\"twitter:label1\" content=\"Dur\u00e9e de lecture estim\u00e9e\" \/>\n\t<meta name=\"twitter:data1\" content=\"4 minutes\" \/>\n<script type=\"application\/ld+json\" class=\"yoast-schema-graph\">{\"@context\":\"https:\/\/schema.org\",\"@graph\":[{\"@type\":\"WebPage\",\"@id\":\"https:\/\/tpms.schrader-pacific.fr\/index.php\/telecharger\/\",\"url\":\"https:\/\/tpms.schrader-pacific.fr\/index.php\/telecharger\/\",\"name\":\"T\u00e9l\u00e9chargement - Shrader SAS\",\"isPartOf\":{\"@id\":\"https:\/\/tpms.schrader-pacific.fr\/#website\"},\"primaryImageOfPage\":{\"@id\":\"https:\/\/tpms.schrader-pacific.fr\/index.php\/telecharger\/#primaryimage\"},\"image\":{\"@id\":\"https:\/\/tpms.schrader-pacific.fr\/index.php\/telecharger\/#primaryimage\"},\"thumbnailUrl\":\"https:\/\/tpms.schrader-pacific.fr\/wp-content\/uploads\/2021\/09\/Schrader_Pacific_Tire_Hardware-Solutions_icon.svg\",\"datePublished\":\"2021-03-15T12:42:02+00:00\",\"dateModified\":\"2023-08-31T07:09:14+00:00\",\"description\":\"Tous les documents \u00e0 t\u00e9l\u00e9charger pour tout savoir sur nos capteurs TPMS VL, poids lourds ou moto. Les couvertures, les notices, etc.\",\"breadcrumb\":{\"@id\":\"https:\/\/tpms.schrader-pacific.fr\/index.php\/telecharger\/#breadcrumb\"},\"inLanguage\":\"fr-FR\",\"potentialAction\":[{\"@type\":\"ReadAction\",\"target\":[\"https:\/\/tpms.schrader-pacific.fr\/index.php\/telecharger\/\"]}]},{\"@type\":\"ImageObject\",\"inLanguage\":\"fr-FR\",\"@id\":\"https:\/\/tpms.schrader-pacific.fr\/index.php\/telecharger\/#primaryimage\",\"url\":\"https:\/\/tpms.schrader-pacific.fr\/wp-content\/uploads\/2021\/09\/Schrader_Pacific_Tire_Hardware-Solutions_icon.svg\",\"contentUrl\":\"https:\/\/tpms.schrader-pacific.fr\/wp-content\/uploads\/2021\/09\/Schrader_Pacific_Tire_Hardware-Solutions_icon.svg\",\"width\":708,\"height\":708,\"caption\":\"logo de Schrader Pacific Tire Hardware Solutions\"},{\"@type\":\"BreadcrumbList\",\"@id\":\"https:\/\/tpms.schrader-pacific.fr\/index.php\/telecharger\/#breadcrumb\",\"itemListElement\":[{\"@type\":\"ListItem\",\"position\":1,\"name\":\"Accueil\",\"item\":\"https:\/\/tpms.schrader-pacific.fr\/\"},{\"@type\":\"ListItem\",\"position\":2,\"name\":\"T\u00e9l\u00e9chargement\"}]},{\"@type\":\"WebSite\",\"@id\":\"https:\/\/tpms.schrader-pacific.fr\/#website\",\"url\":\"https:\/\/tpms.schrader-pacific.fr\/\",\"name\":\"Shrader SAS\",\"description\":\"Schrader Pacific Tire Hardware Solutions Base de donn\u00e9es TPMS\",\"publisher\":{\"@id\":\"https:\/\/tpms.schrader-pacific.fr\/#organization\"},\"potentialAction\":[{\"@type\":\"SearchAction\",\"target\":{\"@type\":\"EntryPoint\",\"urlTemplate\":\"https:\/\/tpms.schrader-pacific.fr\/?s={search_term_string}\"},\"query-input\":{\"@type\":\"PropertyValueSpecification\",\"valueRequired\":true,\"valueName\":\"search_term_string\"}}],\"inLanguage\":\"fr-FR\"},{\"@type\":\"Organization\",\"@id\":\"https:\/\/tpms.schrader-pacific.fr\/#organization\",\"name\":\"Schrader Pacific Tire hardware solutions\",\"url\":\"https:\/\/tpms.schrader-pacific.fr\/\",\"logo\":{\"@type\":\"ImageObject\",\"inLanguage\":\"fr-FR\",\"@id\":\"https:\/\/tpms.schrader-pacific.fr\/#\/schema\/logo\/image\/\",\"url\":\"http:\/\/tpms.schrader-pacific.fr\/wp-content\/uploads\/2021\/09\/Schrader_Pacific_Tire_Hardware-Solutions_SVG.svg\",\"contentUrl\":\"http:\/\/tpms.schrader-pacific.fr\/wp-content\/uploads\/2021\/09\/Schrader_Pacific_Tire_Hardware-Solutions_SVG.svg\",\"width\":708,\"height\":133,\"caption\":\"Schrader Pacific Tire hardware solutions\"},\"image\":{\"@id\":\"https:\/\/tpms.schrader-pacific.fr\/#\/schema\/logo\/image\/\"},\"sameAs\":[\"https:\/\/www.linkedin.com\/company\/schrader-pacific-advance-valve\"]}]}<\/script>\n<!-- \/ Yoast SEO plugin. -->","yoast_head_json":{"title":"T\u00e9l\u00e9chargement - Shrader SAS","description":"Tous les documents \u00e0 t\u00e9l\u00e9charger pour tout savoir sur nos capteurs TPMS VL, poids lourds ou moto. Les couvertures, les notices, etc.","robots":{"index":"index","follow":"follow","max-snippet":"max-snippet:-1","max-image-preview":"max-image-preview:large","max-video-preview":"max-video-preview:-1"},"canonical":"https:\/\/tpms.schrader-pacific.fr\/index.php\/telecharger\/","og_locale":"fr_FR","og_type":"article","og_title":"T\u00e9l\u00e9chargement - Shrader SAS","og_description":"Tous les documents \u00e0 t\u00e9l\u00e9charger pour tout savoir sur nos capteurs TPMS VL, poids lourds ou moto. Les couvertures, les notices, etc.","og_url":"https:\/\/tpms.schrader-pacific.fr\/index.php\/telecharger\/","og_site_name":"Shrader SAS","article_modified_time":"2023-08-31T07:09:14+00:00","twitter_card":"summary_large_image","twitter_misc":{"Dur\u00e9e de lecture estim\u00e9e":"4 minutes"},"schema":{"@context":"https:\/\/schema.org","@graph":[{"@type":"WebPage","@id":"https:\/\/tpms.schrader-pacific.fr\/index.php\/telecharger\/","url":"https:\/\/tpms.schrader-pacific.fr\/index.php\/telecharger\/","name":"T\u00e9l\u00e9chargement - Shrader SAS","isPartOf":{"@id":"https:\/\/tpms.schrader-pacific.fr\/#website"},"primaryImageOfPage":{"@id":"https:\/\/tpms.schrader-pacific.fr\/index.php\/telecharger\/#primaryimage"},"image":{"@id":"https:\/\/tpms.schrader-pacific.fr\/index.php\/telecharger\/#primaryimage"},"thumbnailUrl":"https:\/\/tpms.schrader-pacific.fr\/wp-content\/uploads\/2021\/09\/Schrader_Pacific_Tire_Hardware-Solutions_icon.svg","datePublished":"2021-03-15T12:42:02+00:00","dateModified":"2023-08-31T07:09:14+00:00","description":"Tous les documents \u00e0 t\u00e9l\u00e9charger pour tout savoir sur nos capteurs TPMS VL, poids lourds ou moto. Les couvertures, les notices, etc.","breadcrumb":{"@id":"https:\/\/tpms.schrader-pacific.fr\/index.php\/telecharger\/#breadcrumb"},"inLanguage":"fr-FR","potentialAction":[{"@type":"ReadAction","target":["https:\/\/tpms.schrader-pacific.fr\/index.php\/telecharger\/"]}]},{"@type":"ImageObject","inLanguage":"fr-FR","@id":"https:\/\/tpms.schrader-pacific.fr\/index.php\/telecharger\/#primaryimage","url":"https:\/\/tpms.schrader-pacific.fr\/wp-content\/uploads\/2021\/09\/Schrader_Pacific_Tire_Hardware-Solutions_icon.svg","contentUrl":"https:\/\/tpms.schrader-pacific.fr\/wp-content\/uploads\/2021\/09\/Schrader_Pacific_Tire_Hardware-Solutions_icon.svg","width":708,"height":708,"caption":"logo de Schrader Pacific Tire Hardware Solutions"},{"@type":"BreadcrumbList","@id":"https:\/\/tpms.schrader-pacific.fr\/index.php\/telecharger\/#breadcrumb","itemListElement":[{"@type":"ListItem","position":1,"name":"Accueil","item":"https:\/\/tpms.schrader-pacific.fr\/"},{"@type":"ListItem","position":2,"name":"T\u00e9l\u00e9chargement"}]},{"@type":"WebSite","@id":"https:\/\/tpms.schrader-pacific.fr\/#website","url":"https:\/\/tpms.schrader-pacific.fr\/","name":"Shrader SAS","description":"Schrader Pacific Tire Hardware Solutions Base de donn\u00e9es TPMS","publisher":{"@id":"https:\/\/tpms.schrader-pacific.fr\/#organization"},"potentialAction":[{"@type":"SearchAction","target":{"@type":"EntryPoint","urlTemplate":"https:\/\/tpms.schrader-pacific.fr\/?s={search_term_string}"},"query-input":{"@type":"PropertyValueSpecification","valueRequired":true,"valueName":"search_term_string"}}],"inLanguage":"fr-FR"},{"@type":"Organization","@id":"https:\/\/tpms.schrader-pacific.fr\/#organization","name":"Schrader Pacific Tire hardware solutions","url":"https:\/\/tpms.schrader-pacific.fr\/","logo":{"@type":"ImageObject","inLanguage":"fr-FR","@id":"https:\/\/tpms.schrader-pacific.fr\/#\/schema\/logo\/image\/","url":"http:\/\/tpms.schrader-pacific.fr\/wp-content\/uploads\/2021\/09\/Schrader_Pacific_Tire_Hardware-Solutions_SVG.svg","contentUrl":"http:\/\/tpms.schrader-pacific.fr\/wp-content\/uploads\/2021\/09\/Schrader_Pacific_Tire_Hardware-Solutions_SVG.svg","width":708,"height":133,"caption":"Schrader Pacific Tire hardware solutions"},"image":{"@id":"https:\/\/tpms.schrader-pacific.fr\/#\/schema\/logo\/image\/"},"sameAs":["https:\/\/www.linkedin.com\/company\/schrader-pacific-advance-valve"]}]}},"_links":{"self":[{"href":"https:\/\/tpms.schrader-pacific.fr\/index.php\/wp-json\/wp\/v2\/pages\/13","targetHints":{"allow":["GET"]}}],"collection":[{"href":"https:\/\/tpms.schrader-pacific.fr\/index.php\/wp-json\/wp\/v2\/pages"}],"about":[{"href":"https:\/\/tpms.schrader-pacific.fr\/index.php\/wp-json\/wp\/v2\/types\/page"}],"author":[{"embeddable":true,"href":"https:\/\/tpms.schrader-pacific.fr\/index.php\/wp-json\/wp\/v2\/users\/2"}],"replies":[{"embeddable":true,"href":"https:\/\/tpms.schrader-pacific.fr\/index.php\/wp-json\/wp\/v2\/comments?post=13"}],"version-history":[{"count":83,"href":"https:\/\/tpms.schrader-pacific.fr\/index.php\/wp-json\/wp\/v2\/pages\/13\/revisions"}],"predecessor-version":[{"id":591,"href":"https:\/\/tpms.schrader-pacific.fr\/index.php\/wp-json\/wp\/v2\/pages\/13\/revisions\/591"}],"wp:featuredmedia":[{"embeddable":true,"href":"https:\/\/tpms.schrader-pacific.fr\/index.php\/wp-json\/wp\/v2\/media\/225"}],"wp:attachment":[{"href":"https:\/\/tpms.schrader-pacific.fr\/index.php\/wp-json\/wp\/v2\/media?parent=13"}],"curies":[{"name":"wp","href":"https:\/\/api.w.org\/{rel}","templated":true}]}}