{"id":20,"date":"2021-03-15T13:57:40","date_gmt":"2021-03-15T12:57:40","guid":{"rendered":"http:\/\/tpms.schrader-pacific.fr\/?page_id=20"},"modified":"2026-03-02T14:01:10","modified_gmt":"2026-03-02T13:01:10","slug":"accueil","status":"publish","type":"page","link":"https:\/\/tpms.schrader-pacific.fr\/index.php\/accueil\/","title":{"rendered":"Page d&rsquo;accueil TPMS Schrader"},"content":{"rendered":"\t\t<div data-elementor-type=\"wp-page\" data-elementor-id=\"20\" class=\"elementor elementor-20\">\n\t\t\t\t\t\t<section class=\"elementor-section elementor-top-section elementor-element elementor-element-41195b4f elementor-section-boxed elementor-section-height-default elementor-section-height-default\" data-id=\"41195b4f\" data-element_type=\"section\">\n\t\t\t\t\t\t<div class=\"elementor-container elementor-column-gap-default\">\n\t\t\t\t\t<div class=\"elementor-column elementor-col-100 elementor-top-column elementor-element elementor-element-4cbe79f0\" data-id=\"4cbe79f0\" data-element_type=\"column\">\n\t\t\t<div class=\"elementor-widget-wrap elementor-element-populated\">\n\t\t\t\t\t\t<div class=\"elementor-element elementor-element-5ecbe421 elementor-widget elementor-widget-text-editor\" data-id=\"5ecbe421\" data-element_type=\"widget\" data-widget_type=\"text-editor.default\">\n\t\t\t\t<div class=\"elementor-widget-container\">\n\t\t\t\t\t\t\t\t\t\n<div class=\"wp-block-contact-form-7-contact-form-selector\"><p class=\"wpcf7-contact-form-not-found\"><strong>Erreur\u00a0:<\/strong> Formulaire de contact non trouv\u00e9\u00a0!<\/p><\/div>\n\n\n\n<div class=\"wp-block-cover alignwide has-background-dim has-background-gradient is-position-center-center\" style=\"background:linear-gradient(135deg,rgb(249,72,72) 1%,rgb(179,22,22) 100%);min-height:575px;aspect-ratio:unset;\"><div class=\"wp-block-cover__inner-container is-layout-flow wp-block-cover-is-layout-flow\">\n<div class=\"wp-block-columns alignwide is-layout-flex wp-container-core-columns-is-layout-9d6595d7 wp-block-columns-is-layout-flex\">\n<div class=\"wp-block-column is-layout-flow wp-block-column-is-layout-flow\" style=\"flex-basis:12%\">\n<div style=\"height:100px\" aria-hidden=\"true\" class=\"wp-block-spacer\"><\/div>\n<\/div>\n\n\n\n<div class=\"wp-block-column is-layout-flow wp-block-column-is-layout-flow\">\n<div style=\"height:100px\" aria-hidden=\"true\" class=\"wp-block-spacer\"><\/div>\n\n\n\n<p class=\"has-text-align-left has-text-color\" style=\"color:#fffffa;font-size:68px;line-height:1.2\"><strong>Et vous n\u2019avez<br>encore rien vu<\/strong><\/p>\n\n\n\n<div class=\"wp-block-buttons is-layout-flex wp-block-buttons-is-layout-flex\">\n<div class=\"wp-block-button\"><a class=\"wp-block-button__link has-text-color has-background\" style=\"border-radius:3px;background-color:#fffffa;color:#00000a\">Lire la suite<\/a><\/div>\n<\/div>\n\n\n\n<div style=\"height:100px\" aria-hidden=\"true\" class=\"wp-block-spacer\"><\/div>\n<\/div>\n\n\n\n<div class=\"wp-block-column is-layout-flow wp-block-column-is-layout-flow\" style=\"flex-basis:12%\">\n<div style=\"height:100px\" aria-hidden=\"true\" class=\"wp-block-spacer\"><\/div>\n<\/div>\n<\/div>\n<\/div><\/div>\n\t\t\t\t\t\t\t\t<\/div>\n\t\t\t\t<\/div>\n\t\t\t\t\t<\/div>\n\t\t<\/div>\n\t\t\t\t\t<\/div>\n\t\t<\/section>\n\t\t\t\t<\/div>\n\t\t","protected":false},"excerpt":{"rendered":"Recherchez des produits TPMS Choisissez le type de v\u00e9hicule &nbsp; &nbsp; Rentrez les informations du v\u00e9hicule Marque Mod\u00e8le Ann\u00e9e Rechercher","protected":false},"author":1,"featured_media":0,"parent":0,"menu_order":0,"comment_status":"closed","ping_status":"closed","template":"","meta":{"footnotes":""},"class_list":["post-20","page","type-page","status-publish","hentry"],"yoast_head":"<!-- This site is optimized with the Yoast SEO plugin v25.3.1 - https:\/\/yoast.com\/wordpress\/plugins\/seo\/ -->\n<title>Page d&#039;accueil TPMS Schrader - Shrader SAS<\/title>\n<meta name=\"robots\" content=\"index, follow, max-snippet:-1, max-image-preview:large, max-video-preview:-1\" \/>\n<link rel=\"canonical\" href=\"https:\/\/tpms.schrader-pacific.fr\/index.php\/accueil\/\" \/>\n<meta property=\"og:locale\" content=\"fr_FR\" \/>\n<meta property=\"og:type\" content=\"article\" \/>\n<meta property=\"og:title\" content=\"Page d&#039;accueil TPMS Schrader - Shrader SAS\" \/>\n<meta property=\"og:url\" content=\"https:\/\/tpms.schrader-pacific.fr\/index.php\/accueil\/\" \/>\n<meta property=\"og:site_name\" content=\"Shrader SAS\" \/>\n<meta property=\"article:modified_time\" content=\"2026-03-02T13:01:10+00:00\" \/>\n<meta name=\"twitter:card\" content=\"summary_large_image\" \/>\n<meta name=\"twitter:label1\" content=\"Dur\u00e9e de lecture estim\u00e9e\" \/>\n\t<meta name=\"twitter:data1\" content=\"1 minute\" \/>\n<script type=\"application\/ld+json\" class=\"yoast-schema-graph\">{\"@context\":\"https:\/\/schema.org\",\"@graph\":[{\"@type\":\"WebPage\",\"@id\":\"https:\/\/tpms.schrader-pacific.fr\/index.php\/accueil\/\",\"url\":\"https:\/\/tpms.schrader-pacific.fr\/index.php\/accueil\/\",\"name\":\"Page d'accueil TPMS Schrader - Shrader SAS\",\"isPartOf\":{\"@id\":\"https:\/\/tpms.schrader-pacific.fr\/#website\"},\"datePublished\":\"2021-03-15T12:57:40+00:00\",\"dateModified\":\"2026-03-02T13:01:10+00:00\",\"breadcrumb\":{\"@id\":\"https:\/\/tpms.schrader-pacific.fr\/index.php\/accueil\/#breadcrumb\"},\"inLanguage\":\"fr-FR\",\"potentialAction\":[{\"@type\":\"ReadAction\",\"target\":[\"https:\/\/tpms.schrader-pacific.fr\/index.php\/accueil\/\"]}]},{\"@type\":\"BreadcrumbList\",\"@id\":\"https:\/\/tpms.schrader-pacific.fr\/index.php\/accueil\/#breadcrumb\",\"itemListElement\":[{\"@type\":\"ListItem\",\"position\":1,\"name\":\"Accueil\",\"item\":\"http:\/\/tpms.schrader-pacific.fr\/\"},{\"@type\":\"ListItem\",\"position\":2,\"name\":\"Page d&rsquo;accueil TPMS Schrader\"}]},{\"@type\":\"WebSite\",\"@id\":\"https:\/\/tpms.schrader-pacific.fr\/#website\",\"url\":\"https:\/\/tpms.schrader-pacific.fr\/\",\"name\":\"Shrader SAS\",\"description\":\"Schrader Pacific Tire Hardware Solutions Base de donn\u00e9es TPMS\",\"publisher\":{\"@id\":\"https:\/\/tpms.schrader-pacific.fr\/#organization\"},\"potentialAction\":[{\"@type\":\"SearchAction\",\"target\":{\"@type\":\"EntryPoint\",\"urlTemplate\":\"https:\/\/tpms.schrader-pacific.fr\/?s={search_term_string}\"},\"query-input\":{\"@type\":\"PropertyValueSpecification\",\"valueRequired\":true,\"valueName\":\"search_term_string\"}}],\"inLanguage\":\"fr-FR\"},{\"@type\":\"Organization\",\"@id\":\"https:\/\/tpms.schrader-pacific.fr\/#organization\",\"name\":\"Schrader Pacific Tire hardware solutions\",\"url\":\"https:\/\/tpms.schrader-pacific.fr\/\",\"logo\":{\"@type\":\"ImageObject\",\"inLanguage\":\"fr-FR\",\"@id\":\"https:\/\/tpms.schrader-pacific.fr\/#\/schema\/logo\/image\/\",\"url\":\"http:\/\/tpms.schrader-pacific.fr\/wp-content\/uploads\/2021\/09\/Schrader_Pacific_Tire_Hardware-Solutions_SVG.svg\",\"contentUrl\":\"http:\/\/tpms.schrader-pacific.fr\/wp-content\/uploads\/2021\/09\/Schrader_Pacific_Tire_Hardware-Solutions_SVG.svg\",\"width\":708,\"height\":133,\"caption\":\"Schrader Pacific Tire hardware solutions\"},\"image\":{\"@id\":\"https:\/\/tpms.schrader-pacific.fr\/#\/schema\/logo\/image\/\"},\"sameAs\":[\"https:\/\/www.linkedin.com\/company\/schrader-pacific-advance-valve\"]}]}<\/script>\n<!-- \/ Yoast SEO plugin. -->","yoast_head_json":{"title":"Page d'accueil TPMS Schrader - Shrader SAS","robots":{"index":"index","follow":"follow","max-snippet":"max-snippet:-1","max-image-preview":"max-image-preview:large","max-video-preview":"max-video-preview:-1"},"canonical":"https:\/\/tpms.schrader-pacific.fr\/index.php\/accueil\/","og_locale":"fr_FR","og_type":"article","og_title":"Page d'accueil TPMS Schrader - Shrader SAS","og_url":"https:\/\/tpms.schrader-pacific.fr\/index.php\/accueil\/","og_site_name":"Shrader SAS","article_modified_time":"2026-03-02T13:01:10+00:00","twitter_card":"summary_large_image","twitter_misc":{"Dur\u00e9e de lecture estim\u00e9e":"1 minute"},"schema":{"@context":"https:\/\/schema.org","@graph":[{"@type":"WebPage","@id":"https:\/\/tpms.schrader-pacific.fr\/index.php\/accueil\/","url":"https:\/\/tpms.schrader-pacific.fr\/index.php\/accueil\/","name":"Page d'accueil TPMS Schrader - Shrader SAS","isPartOf":{"@id":"https:\/\/tpms.schrader-pacific.fr\/#website"},"datePublished":"2021-03-15T12:57:40+00:00","dateModified":"2026-03-02T13:01:10+00:00","breadcrumb":{"@id":"https:\/\/tpms.schrader-pacific.fr\/index.php\/accueil\/#breadcrumb"},"inLanguage":"fr-FR","potentialAction":[{"@type":"ReadAction","target":["https:\/\/tpms.schrader-pacific.fr\/index.php\/accueil\/"]}]},{"@type":"BreadcrumbList","@id":"https:\/\/tpms.schrader-pacific.fr\/index.php\/accueil\/#breadcrumb","itemListElement":[{"@type":"ListItem","position":1,"name":"Accueil","item":"http:\/\/tpms.schrader-pacific.fr\/"},{"@type":"ListItem","position":2,"name":"Page d&rsquo;accueil TPMS Schrader"}]},{"@type":"WebSite","@id":"https:\/\/tpms.schrader-pacific.fr\/#website","url":"https:\/\/tpms.schrader-pacific.fr\/","name":"Shrader SAS","description":"Schrader Pacific Tire Hardware Solutions Base de donn\u00e9es TPMS","publisher":{"@id":"https:\/\/tpms.schrader-pacific.fr\/#organization"},"potentialAction":[{"@type":"SearchAction","target":{"@type":"EntryPoint","urlTemplate":"https:\/\/tpms.schrader-pacific.fr\/?s={search_term_string}"},"query-input":{"@type":"PropertyValueSpecification","valueRequired":true,"valueName":"search_term_string"}}],"inLanguage":"fr-FR"},{"@type":"Organization","@id":"https:\/\/tpms.schrader-pacific.fr\/#organization","name":"Schrader Pacific Tire hardware solutions","url":"https:\/\/tpms.schrader-pacific.fr\/","logo":{"@type":"ImageObject","inLanguage":"fr-FR","@id":"https:\/\/tpms.schrader-pacific.fr\/#\/schema\/logo\/image\/","url":"http:\/\/tpms.schrader-pacific.fr\/wp-content\/uploads\/2021\/09\/Schrader_Pacific_Tire_Hardware-Solutions_SVG.svg","contentUrl":"http:\/\/tpms.schrader-pacific.fr\/wp-content\/uploads\/2021\/09\/Schrader_Pacific_Tire_Hardware-Solutions_SVG.svg","width":708,"height":133,"caption":"Schrader Pacific Tire hardware solutions"},"image":{"@id":"https:\/\/tpms.schrader-pacific.fr\/#\/schema\/logo\/image\/"},"sameAs":["https:\/\/www.linkedin.com\/company\/schrader-pacific-advance-valve"]}]}},"_links":{"self":[{"href":"https:\/\/tpms.schrader-pacific.fr\/index.php\/wp-json\/wp\/v2\/pages\/20","targetHints":{"allow":["GET"]}}],"collection":[{"href":"https:\/\/tpms.schrader-pacific.fr\/index.php\/wp-json\/wp\/v2\/pages"}],"about":[{"href":"https:\/\/tpms.schrader-pacific.fr\/index.php\/wp-json\/wp\/v2\/types\/page"}],"author":[{"embeddable":true,"href":"https:\/\/tpms.schrader-pacific.fr\/index.php\/wp-json\/wp\/v2\/users\/1"}],"replies":[{"embeddable":true,"href":"https:\/\/tpms.schrader-pacific.fr\/index.php\/wp-json\/wp\/v2\/comments?post=20"}],"version-history":[{"count":123,"href":"https:\/\/tpms.schrader-pacific.fr\/index.php\/wp-json\/wp\/v2\/pages\/20\/revisions"}],"predecessor-version":[{"id":610,"href":"https:\/\/tpms.schrader-pacific.fr\/index.php\/wp-json\/wp\/v2\/pages\/20\/revisions\/610"}],"wp:attachment":[{"href":"https:\/\/tpms.schrader-pacific.fr\/index.php\/wp-json\/wp\/v2\/media?parent=20"}],"curies":[{"name":"wp","href":"https:\/\/api.w.org\/{rel}","templated":true}]}}